{"id":7472,"date":"2025-10-10T19:23:39","date_gmt":"2025-10-10T19:23:39","guid":{"rendered":"https:\/\/agruza.com.mx\/?page_id=7472"},"modified":"2026-02-26T02:58:08","modified_gmt":"2026-02-26T02:58:08","slug":"nosotros","status":"publish","type":"page","link":"https:\/\/medupro.com.mx\/index.php\/nosotros\/","title":{"rendered":"Nosotros"},"content":{"rendered":"\t\t<div data-elementor-type=\"wp-page\" data-elementor-id=\"7472\" class=\"elementor elementor-7472\">\n\t\t\t\t<div class=\"elementor-element elementor-element-663ed2f e-flex e-con-boxed e-con e-parent\" data-id=\"663ed2f\" data-element_type=\"container\" data-e-type=\"container\" data-settings=\"{&quot;background_background&quot;:&quot;slideshow&quot;,&quot;background_slideshow_gallery&quot;:[{&quot;id&quot;:7715,&quot;url&quot;:&quot;https:\\\/\\\/medupro.com.mx\\\/wp-content\\\/uploads\\\/2025\\\/10\\\/background_02-scaled.jpg&quot;}],&quot;background_slideshow_loop&quot;:&quot;yes&quot;,&quot;background_slideshow_slide_duration&quot;:5000,&quot;background_slideshow_slide_transition&quot;:&quot;fade&quot;,&quot;background_slideshow_transition_duration&quot;:500}\">\n\t\t\t\t\t<div class=\"e-con-inner\">\n\t\t\t\t<div class=\"elementor-element elementor-element-bbcba67 elementor-widget elementor-widget-wpr-heading\" data-id=\"bbcba67\" data-element_type=\"widget\" data-e-type=\"widget\" data-settings=\"{&quot;tp_anima_type&quot;:&quot;fadeInUp&quot;}\" data-widget_type=\"wpr-heading.default\">\n\t\t\t\t<div class=\"elementor-widget-container\">\n\t\t\t\t\t\n\t\t\n\n\t\t\t<div class=\"wpr-el-section wpr-align-box section-header wow fadeInUp\" data-wow-duration=\"1.5s\" data-wow-delay=\"0.3s\">\n\n\t\t\t\t\n\t\t\t\t<h2 class=\"h2 section__header-title-v11 wpr-el-title\">Nuestra Esencia<\/h2>\n\t\t\t\t\n\t\t\t<\/div>\n\n\n\n\t\t\t\t<\/div>\n\t\t\t\t<\/div>\n\t\t\t\t<div class=\"elementor-element elementor-element-34942ff elementor-widget elementor-widget-wpr-counter\" data-id=\"34942ff\" data-element_type=\"widget\" data-e-type=\"widget\" data-settings=\"{&quot;tp_anima_type&quot;:&quot;fadeInUp&quot;}\" data-widget_type=\"wpr-counter.default\">\n\t\t\t\t<div class=\"elementor-widget-container\">\n\t\t\t\t\t\n  \n  <!-- Funfact start -->\n  <div class=\"funfact-v2 wpr_el-section\">\n    <div class=\"container\">\n      <div class=\"row\">\n                  <div class=\"col-sm-6 col-md-4 fade_up_anim\" data-delay=\"\">\n            <div class=\"funfact-mar__item\">\n              <h3 class=\"h3 countdown-info st-counter-number\"><span class=\"wpr-el-counter-prefix\">Misi\u00f3n<\/span><\/h3><p class=\"wpr-el-counter-title info\">Cumplir con los est\u00e1ndares de calidad de nuestros servicios, asegurando la relaci\u00f3n del cliente, satisfaciendo sus necesidades con absoluta transparencia y honestidad.<\/p>            <\/div>\n          <\/div>\n                  <div class=\"col-sm-6 col-md-4 fade_up_anim\" data-delay=\"\">\n            <div class=\"funfact-mar__item\">\n              <h3 class=\"h3 countdown-info st-counter-number\"><span class=\"wpr-el-counter-prefix\">Visi\u00f3n<\/span><\/h3><p class=\"wpr-el-counter-title info\">Ser la empresa l\u00edder del mercado al que nos dedicamos, impulsando siempre el crecimiento y la competitividad de nuestros clientes.<\/p>            <\/div>\n          <\/div>\n                  <div class=\"col-sm-6 col-md-4 fade_up_anim\" data-delay=\"\">\n            <div class=\"funfact-mar__item\">\n              <h3 class=\"h3 countdown-info st-counter-number\"><\/h3><p class=\"wpr-el-counter-title info\"><p><strong>Ayudamos a los productores a dar valor agregado a sus cosechas y a los comercializadores a operar sin instalaciones.<\/strong><\/p><\/p>            <\/div>\n          <\/div>\n         \n      <\/div>\n    <\/div>\n  <\/div>\n\n    \n\t\t\t\t<\/div>\n\t\t\t\t<\/div>\n\t\t\t\t<div class=\"elementor-element elementor-element-a8e6af5 elementor-widget elementor-widget-wpr-heading\" data-id=\"a8e6af5\" data-element_type=\"widget\" data-e-type=\"widget\" data-settings=\"{&quot;tp_anima_type&quot;:&quot;fadeInUp&quot;}\" data-widget_type=\"wpr-heading.default\">\n\t\t\t\t<div class=\"elementor-widget-container\">\n\t\t\t\t\t\n\t\t\n\n\t\t\t<div class=\"wpr-el-section wpr-align-box section-header wow fadeInUp\" data-wow-duration=\"1.5s\" data-wow-delay=\"0.3s\">\n\n\t\t\t\t\n\t\t\t\t<h2 class=\"h2 section__header-title-v11 wpr-el-title\">Nuestro Personal<\/h2>\n\t\t\t\t\n\t\t\t<\/div>\n\n\n\n\t\t\t\t<\/div>\n\t\t\t\t<\/div>\n\t\t<div class=\"elementor-element elementor-element-7c05ff4 e-con-full e-flex e-con e-child\" data-id=\"7c05ff4\" data-element_type=\"container\" data-e-type=\"container\">\n\t\t<div class=\"elementor-element elementor-element-37e367c e-con-full e-flex e-con e-child\" data-id=\"37e367c\" data-element_type=\"container\" data-e-type=\"container\" data-settings=\"{&quot;background_background&quot;:&quot;classic&quot;}\">\n\t\t\t\t<div class=\"elementor-element elementor-element-6411a6c elementor-invisible elementor-widget elementor-widget-wpr-heading\" data-id=\"6411a6c\" data-element_type=\"widget\" data-e-type=\"widget\" data-settings=\"{&quot;_animation&quot;:&quot;fadeIn&quot;}\" data-widget_type=\"wpr-heading.default\">\n\t\t\t\t<div class=\"elementor-widget-container\">\n\t\t\t\t\t\n\t\t\n\t\t\t<div class=\"wpr-el-section wpr-align-box section__header-v2 \"  >\n\n\t\t\t\t\n\t\t\t\t<h2 class=\"h3 section__title wpr-el-title\"><b>Personal<\/h2>\n\t\t\t\t\t\t\t\t\t<p class=\"wpr-el-content \">Se cuenta con un <b>equipo calificado y en constante capacitaci\u00f3n<\/b> para brindar la mayor confianza a nuestros clientes.\n<\/p>\n\t\t\t\t\n\t\t\t<\/div>\n\n\n\t\t\t\t\t\t<\/div>\n\t\t\t\t<\/div>\n\t\t\t\t<\/div>\n\t\t<div class=\"elementor-element elementor-element-a3159d1 e-con-full e-flex e-con e-child\" data-id=\"a3159d1\" data-element_type=\"container\" data-e-type=\"container\">\n\t\t\t\t<div class=\"elementor-element elementor-element-4a901bf elementor-invisible elementor-widget elementor-widget-image\" data-id=\"4a901bf\" data-element_type=\"widget\" data-e-type=\"widget\" data-settings=\"{&quot;_animation&quot;:&quot;fadeIn&quot;}\" data-widget_type=\"image.default\">\n\t\t\t\t\t\t\t\t\t\t\t\t\t\t\t<img fetchpriority=\"high\" decoding=\"async\" width=\"640\" height=\"477\" src=\"https:\/\/medupro.com.mx\/wp-content\/uploads\/2025\/10\/Personal-capactiacion.jpg\" class=\"attachment-large size-large wp-image-7722\" alt=\"\" \/>\t\t\t\t\t\t\t\t\t\t\t\t\t\t\t<\/div>\n\t\t\t\t<\/div>\n\t\t\t\t<\/div>\n\t\t\t\t<div class=\"elementor-element elementor-element-4116b01 elementor-widget elementor-widget-wpr-heading\" data-id=\"4116b01\" data-element_type=\"widget\" data-e-type=\"widget\" data-settings=\"{&quot;tp_anima_type&quot;:&quot;fadeInUp&quot;}\" data-widget_type=\"wpr-heading.default\">\n\t\t\t\t<div class=\"elementor-widget-container\">\n\t\t\t\t\t\n\t\t\n\n\t\t\t<div class=\"wpr-el-section wpr-align-box section-header wow fadeInUp\" data-wow-duration=\"1.5s\" data-wow-delay=\"0.3s\">\n\n\t\t\t\t\n\t\t\t\t<h2 class=\"h2 section__header-title-v11 wpr-el-title\">Nuestro Equipo<\/h2>\n\t\t\t\t\n\t\t\t<\/div>\n\n\n\n\t\t\t\t<\/div>\n\t\t\t\t<\/div>\n\t\t<div class=\"elementor-element elementor-element-89228a3 e-con-full e-flex e-con e-child\" data-id=\"89228a3\" data-element_type=\"container\" data-e-type=\"container\">\n\t\t<div class=\"elementor-element elementor-element-5c3b4a1 e-con-full e-flex e-con e-child\" data-id=\"5c3b4a1\" data-element_type=\"container\" data-e-type=\"container\" data-settings=\"{&quot;background_background&quot;:&quot;classic&quot;}\">\n\t\t\t\t<div class=\"elementor-element elementor-element-d4e645c elementor-invisible elementor-widget elementor-widget-image\" data-id=\"d4e645c\" data-element_type=\"widget\" data-e-type=\"widget\" data-settings=\"{&quot;_animation&quot;:&quot;fadeIn&quot;}\" data-widget_type=\"image.default\">\n\t\t\t\t\t\t\t\t\t\t\t\t\t\t\t<img decoding=\"async\" width=\"536\" height=\"1024\" src=\"https:\/\/medupro.com.mx\/wp-content\/uploads\/2026\/02\/Equipo.jpg\" class=\"attachment-large size-large wp-image-7851\" alt=\"\" \/>\t\t\t\t\t\t\t\t\t\t\t\t\t\t\t<\/div>\n\t\t\t\t<\/div>\n\t\t<div class=\"elementor-element elementor-element-ee7e76b e-con-full e-flex e-con e-child\" data-id=\"ee7e76b\" data-element_type=\"container\" data-e-type=\"container\">\n\t\t<div class=\"elementor-element elementor-element-8b5d36c e-con-full e-flex e-con e-child\" data-id=\"8b5d36c\" data-element_type=\"container\" data-e-type=\"container\" data-settings=\"{&quot;background_background&quot;:&quot;classic&quot;}\">\n\t\t\t\t<div class=\"elementor-element elementor-element-4d187f3 elementor-invisible elementor-widget elementor-widget-wpr-heading\" data-id=\"4d187f3\" data-element_type=\"widget\" data-e-type=\"widget\" data-settings=\"{&quot;_animation&quot;:&quot;fadeIn&quot;}\" data-widget_type=\"wpr-heading.default\">\n\t\t\t\t<div class=\"elementor-widget-container\">\n\t\t\t\t\t\n\t\t\n\t\t\t<div class=\"wpr-el-section wpr-align-box section__header-v2 \"  >\n\n\t\t\t\t\n\t\t\t\t\n\t\t\t\t\t\t\t\t\t<p class=\"wpr-el-content \"><ul>\n    <li>Empacadoras<\/li>\n    <li>Tren de cribado<\/li>\n    <li>Almacenes<\/li>\n    <li>Detectores de metales<\/li>\n    <li>Seleccionador \u00f3ptico<\/li>\n    <li>B\u00e1scula camionera<\/li>\n    <li>B\u00e1scula de piso con capacidad de 2 toneladas<\/li>\n  <\/ul>\n\n  <p>\n    Todos nuestros equipos se encuentran debidamente calibrados y verificados \n    ante la instancia correspondiente.\n  <\/p>\n\n<\/p>\n\t\t\t\t\n\t\t\t<\/div>\n\n\n\t\t\t\t\t\t<\/div>\n\t\t\t\t<\/div>\n\t\t\t\t<\/div>\n\t\t\t\t<\/div>\n\t\t\t\t<\/div>\n\t\t\t\t<div class=\"elementor-element elementor-element-107608a elementor-widget elementor-widget-wpr-heading\" data-id=\"107608a\" data-element_type=\"widget\" data-e-type=\"widget\" data-settings=\"{&quot;tp_anima_type&quot;:&quot;fadeInUp&quot;}\" data-widget_type=\"wpr-heading.default\">\n\t\t\t\t<div class=\"elementor-widget-container\">\n\t\t\t\t\t\n\t\t\n\n\t\t\t<div class=\"wpr-el-section wpr-align-box section-header wow fadeInUp\" data-wow-duration=\"1.5s\" data-wow-delay=\"0.3s\">\n\n\t\t\t\t\n\t\t\t\t<h2 class=\"h2 section__header-title-v11 wpr-el-title\">Nuestro Infraestuctura<\/h2>\n\t\t\t\t\n\t\t\t<\/div>\n\n\n\n\t\t\t\t<\/div>\n\t\t\t\t<\/div>\n\t\t<div class=\"elementor-element elementor-element-72000fd e-con-full e-flex e-con e-child\" data-id=\"72000fd\" data-element_type=\"container\" data-e-type=\"container\">\n\t\t<div class=\"elementor-element elementor-element-f63a696 e-con-full e-flex e-con e-child\" data-id=\"f63a696\" data-element_type=\"container\" data-e-type=\"container\" data-settings=\"{&quot;background_background&quot;:&quot;classic&quot;}\">\n\t\t\t\t<div class=\"elementor-element elementor-element-538ae5a elementor-invisible elementor-widget elementor-widget-wpr-heading\" data-id=\"538ae5a\" data-element_type=\"widget\" data-e-type=\"widget\" data-settings=\"{&quot;_animation&quot;:&quot;fadeIn&quot;}\" data-widget_type=\"wpr-heading.default\">\n\t\t\t\t<div class=\"elementor-widget-container\">\n\t\t\t\t\t\n\t\t\n\t\t\t<div class=\"wpr-el-section wpr-align-box section__header-v2 \"  >\n\n\t\t\t\t\n\t\t\t\t<h2 class=\"h3 section__title wpr-el-title\"><b>Infraestuctura<\/h2>\n\t\t\t\t\t\t\t\t\t<p class=\"wpr-el-content \">Almacenes m\u00faltiples para clasificar por tipo, variedad y\/o calidad.\nAgregar croquis de bodega \n\n<\/p>\n\t\t\t\t\n\t\t\t<\/div>\n\n\n\t\t\t\t\t\t<\/div>\n\t\t\t\t<\/div>\n\t\t\t\t<\/div>\n\t\t<div class=\"elementor-element elementor-element-3ef1293 e-con-full e-flex e-con e-child\" data-id=\"3ef1293\" data-element_type=\"container\" data-e-type=\"container\">\n\t\t\t\t<div class=\"elementor-element elementor-element-9c9fa3e elementor-invisible elementor-widget elementor-widget-image\" data-id=\"9c9fa3e\" data-element_type=\"widget\" data-e-type=\"widget\" data-settings=\"{&quot;_animation&quot;:&quot;fadeIn&quot;}\" data-widget_type=\"image.default\">\n\t\t\t\t\t\t\t\t\t\t\t\t\t\t\t<img decoding=\"async\" width=\"640\" height=\"480\" src=\"https:\/\/medupro.com.mx\/wp-content\/uploads\/2026\/02\/Infraestructur.jpg\" class=\"attachment-large size-large wp-image-7852\" alt=\"\" \/>\t\t\t\t\t\t\t\t\t\t\t\t\t\t\t<\/div>\n\t\t\t\t<\/div>\n\t\t\t\t<\/div>\n\t\t\t\t<div class=\"elementor-element elementor-element-ed971db elementor-widget elementor-widget-wpr-heading\" data-id=\"ed971db\" data-element_type=\"widget\" data-e-type=\"widget\" data-settings=\"{&quot;tp_anima_type&quot;:&quot;fadeInUp&quot;}\" data-widget_type=\"wpr-heading.default\">\n\t\t\t\t<div class=\"elementor-widget-container\">\n\t\t\t\t\t\n\t\t\n\n\t\t\t<div class=\"wpr-el-section wpr-align-box section-header wow fadeInUp\" data-wow-duration=\"1.5s\" data-wow-delay=\"0.3s\">\n\n\t\t\t\t\n\t\t\t\t<h2 class=\"h2 section__header-title-v11 wpr-el-title\">Laboratorio de An\u00e1lisis de Calidad<\/h2>\n\t\t\t\t\n\t\t\t<\/div>\n\n\n\n\t\t\t\t<\/div>\n\t\t\t\t<\/div>\n\t\t<div class=\"elementor-element elementor-element-7ee6925 e-con-full e-flex e-con e-child\" data-id=\"7ee6925\" data-element_type=\"container\" data-e-type=\"container\">\n\t\t<div class=\"elementor-element elementor-element-26c3ec2 e-con-full e-flex e-con e-child\" data-id=\"26c3ec2\" data-element_type=\"container\" data-e-type=\"container\" data-settings=\"{&quot;background_background&quot;:&quot;classic&quot;}\">\n\t\t\t\t<div class=\"elementor-element elementor-element-f939aff elementor-invisible elementor-widget elementor-widget-image\" data-id=\"f939aff\" data-element_type=\"widget\" data-e-type=\"widget\" data-settings=\"{&quot;_animation&quot;:&quot;fadeIn&quot;}\" data-widget_type=\"image.default\">\n\t\t\t\t\t\t\t\t\t\t\t\t\t\t\t<img loading=\"lazy\" decoding=\"async\" width=\"575\" height=\"1024\" src=\"https:\/\/medupro.com.mx\/wp-content\/uploads\/2026\/02\/Laboratorio.jpg\" class=\"attachment-large size-large wp-image-7854\" alt=\"\" \/>\t\t\t\t\t\t\t\t\t\t\t\t\t\t\t<\/div>\n\t\t\t\t<\/div>\n\t\t<div class=\"elementor-element elementor-element-0bc1c32 e-con-full e-flex e-con e-child\" data-id=\"0bc1c32\" data-element_type=\"container\" data-e-type=\"container\">\n\t\t<div class=\"elementor-element elementor-element-e10a9ea e-con-full e-flex e-con e-child\" data-id=\"e10a9ea\" data-element_type=\"container\" data-e-type=\"container\">\n\t\t<div class=\"elementor-element elementor-element-721677a e-con-full e-flex e-con e-child\" data-id=\"721677a\" data-element_type=\"container\" data-e-type=\"container\" data-settings=\"{&quot;background_background&quot;:&quot;classic&quot;}\">\n\t\t\t\t<div class=\"elementor-element elementor-element-950079f elementor-invisible elementor-widget elementor-widget-wpr-heading\" data-id=\"950079f\" data-element_type=\"widget\" data-e-type=\"widget\" data-settings=\"{&quot;_animation&quot;:&quot;fadeIn&quot;}\" data-widget_type=\"wpr-heading.default\">\n\t\t\t\t<div class=\"elementor-widget-container\">\n\t\t\t\t\t\n\t\t\n\t\t\t<div class=\"wpr-el-section wpr-align-box section__header-v2 \"  >\n\n\t\t\t\t\n\t\t\t\t<h2 class=\"h3 section__title wpr-el-title\"><b>Determinamos la calidad f\u00edsica.<\/h2>\n\t\t\t\t\t\t\t\t\t<p class=\"wpr-el-content \"><br>\n\n  <ul>\n    <li><strong>Granos defectuosos:<\/strong> Mitades o quebrados, manchados y ampollados.<\/li>\n    <li><strong>Granos da\u00f1ados:<\/strong> Da\u00f1o por insectos, desarrollo germinal y agentes meteorol\u00f3gicos.<\/li>\n    <li><strong>Variedades:<\/strong> Af\u00edn y contraste.<\/li>\n    <li><strong>Impurezas y materia extra\u00f1a:<\/strong> Piedras y otros residuos.<\/li>\n  <\/ul>\n\n  <p>\n    Realizamos muestreos representativos y an\u00e1lisis en cada etapa del proceso,\n    asegurando condiciones \u00f3ptimas del producto y el cumplimiento de los\n    par\u00e1metros de calidad en producci\u00f3n.\n  <\/p>\n\n  <p><strong>Equipamiento para muestreo y an\u00e1lisis:<\/strong><\/p>\n\n  <ol>\n    <li>\n      Equipo especializado para muestreo a graneles, s\u00faper sacos y costales:\n      <ul>\n        <li>Calador<\/li>\n        <li>Sonda tubular<\/li>\n      <\/ul>\n    <\/li>\n    <li>Determinador de humedad<\/li>\n    <li>B\u00e1scula gramera calibrada<\/li>\n    <li>L\u00e1mpara LED con lupa<\/li>\n    <li>C\u00e1mara de luz<\/li>\n    <li>Borner<\/li>\n    <li>Zarandas<\/li>\n  <\/ol>\n\n<\/div>\n<\/p>\n\t\t\t\t\n\t\t\t<\/div>\n\n\n\t\t\t\t\t\t<\/div>\n\t\t\t\t<\/div>\n\t\t\t\t<\/div>\n\t\t\t\t<\/div>\n\t\t\t\t<\/div>\n\t\t\t\t<\/div>\n\t\t\t\t\t<\/div>\n\t\t\t\t<\/div>\n\t\t\t\t<\/div>\n\t\t","protected":false},"excerpt":{"rendered":"<p>Nuestra Esencia Misi\u00f3n Cumplir con los est\u00e1ndares de calidad de nuestros servicios, asegurando la relaci\u00f3n del cliente, satisfaciendo sus necesidades con absoluta transparencia y honestidad. Visi\u00f3n Ser la empresa l\u00edder del mercado al que nos dedicamos, impulsando siempre el crecimiento y la competitividad de nuestros clientes. Ayudamos a los productores a dar valor agregado a [&hellip;]<\/p>\n","protected":false},"author":1,"featured_media":0,"parent":0,"menu_order":0,"comment_status":"closed","ping_status":"closed","template":"elementor_header_footer","meta":{"_acf_changed":false,"footnotes":""},"class_list":["post-7472","page","type-page","status-publish","hentry"],"acf":[],"_links":{"self":[{"href":"https:\/\/medupro.com.mx\/index.php\/wp-json\/wp\/v2\/pages\/7472","targetHints":{"allow":["GET"]}}],"collection":[{"href":"https:\/\/medupro.com.mx\/index.php\/wp-json\/wp\/v2\/pages"}],"about":[{"href":"https:\/\/medupro.com.mx\/index.php\/wp-json\/wp\/v2\/types\/page"}],"author":[{"embeddable":true,"href":"https:\/\/medupro.com.mx\/index.php\/wp-json\/wp\/v2\/users\/1"}],"replies":[{"embeddable":true,"href":"https:\/\/medupro.com.mx\/index.php\/wp-json\/wp\/v2\/comments?post=7472"}],"version-history":[{"count":25,"href":"https:\/\/medupro.com.mx\/index.php\/wp-json\/wp\/v2\/pages\/7472\/revisions"}],"predecessor-version":[{"id":7865,"href":"https:\/\/medupro.com.mx\/index.php\/wp-json\/wp\/v2\/pages\/7472\/revisions\/7865"}],"wp:attachment":[{"href":"https:\/\/medupro.com.mx\/index.php\/wp-json\/wp\/v2\/media?parent=7472"}],"curies":[{"name":"wp","href":"https:\/\/api.w.org\/{rel}","templated":true}]}}